{"id":1517,"date":"2019-04-19T15:38:22","date_gmt":"2019-04-19T13:38:22","guid":{"rendered":"http:\/\/max-siebenfoercher.it\/allgemeine-bestimmungen\/"},"modified":"2019-04-19T15:38:23","modified_gmt":"2019-04-19T13:38:23","slug":"allgemeine-bestimmungen","status":"publish","type":"page","link":"https:\/\/max-siebenfoercher.it\/de\/allgemeine-bestimmungen\/","title":{"rendered":"Allgemeine Bestimmungen"},"content":{"rendered":"<h3>Allgemeine Bestimmungen<\/h3>\n<p>\t\t\t<a href=\"#Introduzione\" role=\"button\"><br \/>\n\t\t\t\t\t\tIntroduzione<br \/>\n\t\t\t\t\t<\/a><br \/>\n\t\t\t<a href=\"#termini\" role=\"button\"><br \/>\n\t\t\t\t\t\tModifiche a Termini e Condizioni di Vendita Generali<br \/>\n\t\t\t\t\t<\/a><br \/>\n\t\t\t<a href=\"#ordini\" role=\"button\"><br \/>\n\t\t\t\t\t\tOrdini<br \/>\n\t\t\t\t\t<\/a><br \/>\n\t\t\t<a href=\"#annullamento\" role=\"button\"><br \/>\n\t\t\t\t\t\tAnnullamento dell\u2019ordine\/Diritto di Recesso<br \/>\n\t\t\t\t\t<\/a><br \/>\n\t\t\t<a href=\"#annullamento\" role=\"button\"><br \/>\n\t\t\t\t\t\tPrezzi, disponibilit\u00e0 e caratteristiche dei prodotti<br \/>\n\t\t\t\t\t<\/a><br \/>\n\t\t\t<a href=\"#pagamenti\" role=\"button\"><br \/>\n\t\t\t\t\t\tModalit\u00e0 e termini di pagamento<br \/>\n\t\t\t\t\t<\/a><br \/>\n\t\t\t<a href=\"#spedizione\" role=\"button\"><br \/>\n\t\t\t\t\t\tSpedizione dei Prodotti<br \/>\n\t\t\t\t\t<\/a><br \/>\n\t\t\t<a href=\"#privacy\" role=\"button\"><br \/>\n\t\t\t\t\t\tPrivacy<br \/>\n\t\t\t\t\t<\/a><br \/>\n\t\t\t<a href=\"#legislazione\" role=\"button\"><br \/>\n\t\t\t\t\t\tLegislazione vigente e competenza<br \/>\n\t\t\t\t\t<\/a><\/p>\n<h5>Introduzione<\/h5>\n<p>I presenti Termini e Condizioni Generali di Vendita (denominate di seguito \u201cCondizioni Generali\u201d), regolano esclusivamente le relazioni contrattuali tra i clienti (di seguito \u201cClienti\u201d) e il venditore MAX \u2013 Salumeria Meranese Snc P.IVA 00604950212 \u2013 iscritta alla CCIAA di Bolzano REA n\u00b0 BZ-88672 \u2013 (di seguito \u201cMAX \u2013 Salumeria Meranese\u201d) attraverso il sito www.max-siebenfoercher.it (di seguito il \u201cSito\u201d) di propriet\u00e0 della MAX \u2013 Salumeria Meranese.<\/p>\n<p>Accedendo al Sito, il Cliente si impegna a rispettare le Condizioni Generali.<\/p>\n<h5>Modifiche e &#8222;termini e condizioni genarali di vendita&#8220;<\/h5>\n<p>\u201cTERMINI E CONDIZIONI GENERALI DI VENDITA\u201d pu\u00f2 subire variazioni in qualsiasi momento e senza preavviso. Si consiglia perci\u00f2 il Cliente di leggere le Condizioni Generali ad ogni visita del Sito oppure ad iscriversi alla newsletter poich\u00e9 attraverso questa verranno comunicate eventuali variazioni.<\/p>\n<h5>Ordini<\/h5>\n<p>Gli ordini sono accettati tramite:<br \/>1. il carrello del Sito a cui si accede tramite Registrazione.<\/p>\n<h5>Annullamento dell&#8217;ordine, diritto di recesso<\/h5>\n<p>Il Cliente che desidera annullare l\u2019ordine inviato, pu\u00f2 contattare il Servizio Clienti al numero telefonico\u00a0+39.0473443095, oppure inviando una mail a info@max-siebenfoercher.com\u00a0e richiedere l\u2019annullamento: la richiesta sar\u00e0 accolta se l\u2019ordine non \u00e8 stato ancora evaso.<br \/>Ai sensi dell\u2019art. 5 del D. Lgs. n. 185\/1999, il Cliente che per qualsiasi ragione non si ritenesse soddisfatto dell\u2019acquisto effettuato, ha diritto di recedere dal contratto stipulato e di restituire i Prodotti ordinati eventualmente gi\u00e0 consegnati, senza alcuna penalit\u00e0 e senza specificarne il motivo. Il diritto di recesso deve essere esercitato dal Cliente, a pena di decadenza, mediante invio di lettera raccomandata A.R. a MAX \u2013 Salumeria Meranese \u2013 Via\u00a0Laurin 59\u2013 39012 Merano (BZ)\u00a0entro il termine di dieci giorni lavorativi dal ricevimento dei Prodotti. La comunicazione di cui sopra pu\u00f2 essere inviata, entro lo stesso termine, anche mediante telegramma o fax +39.0473222141, purch\u00e9 confermata, mediante lettera raccomandata A.R., entro le 48 ore successive all\u2019invio del telegramma o fax. La MAX \u2013 Salumeria Meranese\u00a0si riserver\u00e0 la facolt\u00e0 di non accettare la merce resa qualora i prodotti siano riconsegnati in confezioni non integre, sigillate o deteriorate. Se il recesso \u00e8 effettuato in ossequio alle condizioni sopra indicate, l\u2019importo pagato per i prodotti e per le spese di consegna \u00e8 accreditato all\u2019acquirente a sua scelta mediante: a) storno paypal; b) bonifico bancario su conto a lui intestato;<\/p>\n<h5>Prezzi, caratteristiche e disponibilit\u00e0 prodotti<\/h5>\n<p><strong>PREZZI:<\/strong><\/br><br \/>\nTutti i prezzi visibili sul Sito sono in euro, compresi di iva e possono subire variazioni senza preavviso.<br \/>\nAll\u2019interno del pacco sar\u00e0 inserita la fattura relativa all\u2019ordine, con il dettaglio dei prodotti acquistati e dei relativi prezzi.\u00a0La fattura verr\u00e1 in ogni caso generata\u00a0in sede di effettuazione dell\u00b4ordine.\u00a0Resta impegnativo per la MAX \u2013 Salumeria Meranese il prezzo dichiarato nella e-mail confermativa della prenotazione dell\u2019ordine.<br \/>\n<\/br><\/br><strong>CARATTERISTICHE:<\/strong><\/br><br \/>\nPer tutti i prodotti venduti vale la responsabilit\u00e0 del produttore. Le informazioni sui prodotti commercializzati sul Sito si basano esclusivamente sui dati pubblicati dai rispettivi produttori che potranno essere variati in base a quanto sar\u00e0 comunicato dai produttori stessi anche senza preavviso alcuno. Il produttore \u00e8 responsabile anche della veridicit\u00e0 e completezza delle indicazioni riportate sulle confezioni. La MAX \u2013 Salumeria Meranese non si assume alcuna responsabilit\u00e0 riguardo la veridicit\u00e0 e completezza di tali informazioni. Le immagini presenti sul sito sono fornite al Cliente per agevolare il riconoscimento dei prodotti; a causa di variazioni nella confezione da parte del produttore, le foto potrebbero non rispecchiare esattamente l\u2019aspetto del prodotto consegnato.<br \/>\n<\/br><\/br><strong>DISPONIBILITA\u2019:<\/strong><\/br><br \/>\nLa quasi totalit\u00e0 dei prodotti \u00e8 disponibile. Vengono comunque segnalati, nella descrizione breve, i tempi di attesa nel momento in cui non dovessero essere disponibili.<br \/>\nIl magazzino virtuale dell\u2019e-commerce e quello del negozio al dettaglio sono collegati in tempo reale, per cui l\u2019indicazione di pronta consegna in 24\/48 \u00e8 sempre aggiornata, nel raro caso in cui, recepito l\u2019ordine, il prodotto non risulti disponibile a magazzino sar\u00e0 nostra cura segnalarlo al Cliente nel minor tempo possibile. Sar\u00e0 il Cliente a decidere se attendere i tempi previsti o richiedere il rimborso se ha gi\u00e0 effettuato il pagamento.<\/p>\n<h5>Modalit\u00e0 e Termini di pagamento<\/h5>\n<p>I metodi di pagamento accettati sul Sito sono i seguenti:<br \/>Paypal: la procedura di pagamento avviene sui server sicuri e criptati di propriet\u00e0 di PayPal e tutti i dati saranno da loro trattati. Per il pagamento non \u00e8 necessaria l\u2019iscrizione a paypal. Ampia gamma di Carte di Credito si possono usare compresa la postepay.<br \/>Contrassegno: la scelta di questo metodo permette di effettuare il pagamento dei prodotti nel momento della consegna da parte dei nostri corrieri, comporta per\u00f2 una spesa aggiuntiva di 6 euro, che \u00e8 la tariffa che viene richiesta come compenso da parte degli spedizionieri, anche nel caso in cui si abbia diritto alla spedizione gratuita.<\/p>\n<h5>Spedizione prodotti<\/h5>\n<p>La MAX \u2013 Salumeria Meranese si impegner\u00e0 a spedire la merce solo dopo la conferma dell\u2019avvenuto pagamento.<br \/>\nI tempi di consegna si attestano tra le 48\/72 ore dall\u2019evasione dell\u2019ordine, eccezione fatta per quei prodotti non disponibili per la pronta consegna (vedi punto 8 Disponibilit\u00e0).<br \/>\nIl costo della spedizione \u00e8 di 10 euro per tutta l\u2019Italia, con una maggiorazione di 6 euro scegliendo la modalit\u00e0 di pagamento in contrassegno.<br \/>\nPer ordini di acquisto superiori ai 100 euro la spedizione in tutta Italia sar\u00e0 gratuita.<\/p>\n<h5>Privacy<\/h5>\n<p>La MAX \u2013 Salumeria Meranese, la quale opera nel commercio di prodotti alimentari con il marchio MAX \u2013 Salumeria Meranese, comunica che i dati personali, forniti con la registrazione al sito o in qualsiasi altro modo, formano oggetto di trattamento ai sensi della Legge n. 196\/2003.<br \/>\nTali dati rimangono a disposizione del consumatore per la verifica, modificazione o cancellazione, contattando MAX \u2013 Salumeria Meranese, e per l\u2019esercizio di ogni altro diritto previsto dagli artt.7,8,9 D.Lgs. 30 Giugno 2003, n.196.<br \/>\nI dati sono inseriti in un archivio anagrafico clienti al momento della registrazione, viene assegnato un codice identificativo e una password che deve essere conservata per le successive operazioni.<br \/>\nCon riferimento a tali dati, MAX \u2013 Salumeria Meranese comunica che: i dati personali forniti dal Cliente in fase di registrazione, vengono trattati al solo scopo di evasione dell\u2019ordine e per finalit\u00e0 commerciali, fiscali, promozionali, gestionali e statistiche uso interno.<br \/>\nIn mancanza di consenso in materia di privacy gli ordini non potranno essere evasi e quindi saranno annullati automaticamente.<br \/>\nI dati del Cliente verranno trattati in forma scritta e su supporto elettronico, telematico, magnetico e cartaceo; il loro trattamento avverr\u00e0 in relazione alle esigenze contrattuali, comprese le operazioni di versamento, pagamento e recapito dei prodotti ordinati, per adempiere a obblighi previsti dalla legge o disposti dalle Autorit\u00e0 e, su esplicita autorizzazione, per fini di informazione commerciale e promozionale interattiva e per ricerche di mercato.<br \/>\nI dati del Cliente non saranno diffusi o comunicati a terzi non dipendenti di MAX \u2013 Salumeria Meranese , salvo che ai soggetti necessari o funzionali per lo svolgimento dell\u2019attivit\u00e0 contrattuale di MAX \u2013 Salumeria Meranese: Istituti bancari per la gestione dei pagamenti, spedizionieri per il trasporto, nel luogo indicato dal consumatore, dei prodotti acquistati, terzi che forniscono attivit\u00e0 e prestazioni necessarie all\u2019esecuzione dei servizi che il consumatore avr\u00e0 ritenuto di chiedere o autorizzare la MAX \u2013 Salumeria Meranese.<br \/>\nAlcuni dati personali potranno essere comunicati da MAX \u2013 Salumeria Meranese a soggetti terzi quali l\u2019amministrazione finanziaria dello Stato e autorit\u00e0 giudiziarie e forze di polizia qualora venissero richieste.<\/p>\n<h5>Legislazione vigente e competenza<\/h5>\n<p>Leggi che regolamentano il commercio elettronico:<br \/>Decreto Legislativo 22 maggio 1999, n. 185<br \/>Decreto Legislativo 9 aprile 2003, n. 70<br \/>Decreto Legislativo 6 settembre 2005, n. 206<br \/>A tutela della privacy:<br \/>Decreto Legislativo 30 giugno 2003, n. 196<\/p>\n<p>Ogni controversia relativa all\u2019applicazione, esecuzione, interpretazione e violazione del contratto stipulato online dal Cliente con MAX \u2013 Salumeria Meranese, \u00e8 sottoposta alla giurisdizione italiana e, in particolare, da quanto disposto dal D. Lgs. 6 settembre 2005, n. 206 , Codice del consumo, a norma dell\u2019art. 7 della legge 29 luglio 2003, n. 229.<br \/>Per qualsiasi controversia tra le parti in merito \u00e8 competente il Foro del luogo di residenza o di domicilio del Cliente, se ubicati nel territorio italiano.<br \/>Qualora il domicilio del Cliente o la sua residenza non siano all\u2019interno del territorio italiano, il Foro competente \u00e8 quello di esecuzione del contratto.<\/p>\n<p>Ai sensi e per gli effetti di cui agli articoli 1341 e 1342 del codice civile il Cliente dichiara di avere attentamente letto e compreso e di accettare specificamente i seguenti articoli delle Condizioni Generali di vendita e tutto quanto in essi contenuto: 1.-2.-3.-4.-5.-6.-7.-8.-9.-10.-11.-12.-13.-14.-15.<\/p>\n<h2>L&#8217;Altoadige in tavola<\/h2>\n<p>\t\t\t<a href=\"http:\/\/max-siebenfoercher.it\/de\/max-shop\/\" role=\"button\"><br \/>\n\t\t\t\t\t\tSHOP<br \/>\n\t\t\t\t\t<\/a><\/p>\n","protected":false},"excerpt":{"rendered":"<p>Allgemeine Bestimmungen Introduzione Modifiche a Termini e Condizioni di Vendita Generali Ordini Annullamento dell\u2019ordine\/Diritto di Recesso Prezzi, disponibilit\u00e0 e caratteristiche dei prodotti Modalit\u00e0 e termini di pagamento Spedizione dei Prodotti&#8230;<\/p>\n","protected":false},"author":329,"featured_media":0,"parent":0,"menu_order":0,"comment_status":"closed","ping_status":"closed","template":"","meta":{"_acf_changed":false,"footnotes":""},"class_list":["post-1517","page","type-page","status-publish"],"acf":[],"_links":{"self":[{"href":"https:\/\/max-siebenfoercher.it\/de\/wp-json\/wp\/v2\/pages\/1517","targetHints":{"allow":["GET"]}}],"collection":[{"href":"https:\/\/max-siebenfoercher.it\/de\/wp-json\/wp\/v2\/pages"}],"about":[{"href":"https:\/\/max-siebenfoercher.it\/de\/wp-json\/wp\/v2\/types\/page"}],"author":[{"embeddable":true,"href":"https:\/\/max-siebenfoercher.it\/de\/wp-json\/wp\/v2\/users\/329"}],"replies":[{"embeddable":true,"href":"https:\/\/max-siebenfoercher.it\/de\/wp-json\/wp\/v2\/comments?post=1517"}],"version-history":[{"count":0,"href":"https:\/\/max-siebenfoercher.it\/de\/wp-json\/wp\/v2\/pages\/1517\/revisions"}],"wp:attachment":[{"href":"https:\/\/max-siebenfoercher.it\/de\/wp-json\/wp\/v2\/media?parent=1517"}],"curies":[{"name":"wp","href":"https:\/\/api.w.org\/{rel}","templated":true}]}}