{"id":1642,"date":"2019-04-16T15:02:03","date_gmt":"2019-04-16T13:02:03","guid":{"rendered":"http:\/\/max-siebenfoercher.it\/prodotto\/delizia-kren\/"},"modified":"2023-01-09T13:00:57","modified_gmt":"2023-01-09T12:00:57","slug":"delizia-kren","status":"publish","type":"product","link":"https:\/\/max-siebenfoercher.it\/de\/shop\/suedtiroler-spezialitaeten\/delizia-kren\/","title":{"rendered":"Delizia Kren"},"content":{"rendered":"<p>Zutaten: Meerrettich, Branntweinessig, Wasser, Raps\u00f6l, S\u00e4uerungsmittel: Citronens\u00e4ure,\u00a0Jodsalz (Speisesalz, Kaliumjodat), Dextrose\u00a0Meerrettich schmeckt ideal zu ger\u00e4uchertem Fisch, ger\u00e4uchertem Schinken, Kochfleisch (Tafelspitz) oder Rote Beete.<\/p>\n<p>MHD: 6 Monate<br \/>\nBrennwert je 100g: 150 kcal \/ 624 kJ<\/p>\n","protected":false},"excerpt":{"rendered":"<p>Meerrettich schmeckt ideal zu ger\u00e4uchertem Fisch, ger\u00e4uchertem Schinken, Kochfleisch (Tafelspitz) oder Rote Beete.<\/p>\n","protected":false},"featured_media":1643,"template":"","meta":{"_acf_changed":false},"product_brand":[],"product_cat":[76],"product_tag":[],"class_list":{"0":"post-1642","1":"product","2":"type-product","3":"status-publish","4":"has-post-thumbnail","6":"product_cat-suedtiroler-spezialitaeten","8":"first","9":"instock","10":"shipping-taxable","11":"purchasable","12":"product-type-simple"},"acf":[],"_links":{"self":[{"href":"https:\/\/max-siebenfoercher.it\/de\/wp-json\/wp\/v2\/product\/1642","targetHints":{"allow":["GET"]}}],"collection":[{"href":"https:\/\/max-siebenfoercher.it\/de\/wp-json\/wp\/v2\/product"}],"about":[{"href":"https:\/\/max-siebenfoercher.it\/de\/wp-json\/wp\/v2\/types\/product"}],"wp:featuredmedia":[{"embeddable":true,"href":"https:\/\/max-siebenfoercher.it\/de\/wp-json\/wp\/v2\/media\/1643"}],"wp:attachment":[{"href":"https:\/\/max-siebenfoercher.it\/de\/wp-json\/wp\/v2\/media?parent=1642"}],"wp:term":[{"taxonomy":"product_brand","embeddable":true,"href":"https:\/\/max-siebenfoercher.it\/de\/wp-json\/wp\/v2\/product_brand?post=1642"},{"taxonomy":"product_cat","embeddable":true,"href":"https:\/\/max-siebenfoercher.it\/de\/wp-json\/wp\/v2\/product_cat?post=1642"},{"taxonomy":"product_tag","embeddable":true,"href":"https:\/\/max-siebenfoercher.it\/de\/wp-json\/wp\/v2\/product_tag?post=1642"}],"curies":[{"name":"wp","href":"https:\/\/api.w.org\/{rel}","templated":true}]}}