{"id":1644,"date":"2019-04-16T15:02:03","date_gmt":"2019-04-16T13:02:03","guid":{"rendered":"http:\/\/max-siebenfoercher.it\/prodotto\/susser-senf\/"},"modified":"2023-01-09T13:00:58","modified_gmt":"2023-01-09T12:00:58","slug":"susser-senf","status":"publish","type":"product","link":"https:\/\/max-siebenfoercher.it\/de\/shop\/suedtiroler-spezialitaeten\/susser-senf\/","title":{"rendered":"S\u00fcsser Senf"},"content":{"rendered":"<p>Zutaten: Wasser, Zucker*, Branntweinessig*, <strong>Senfmehl<\/strong>*, Karamell*, <strong>Senfsaat<\/strong>*, Meersalz, Gewu\u0308rze*, Kr\u00e4uter*<br \/>\n*aus kontrolliert \u00f6kologischem Anbau<br \/>\nAu\u00dfergew\u00f6hnlich milde Su\u0308\u00dfe kompensiert die Sch\u00e4rfe des Senfes.<br \/>\nIdeal als Begleitung zu Ziegen \u2013 und Schafsk\u00e4se, Camembert, Brie, Vinaigrette, und natu\u0308rlich ganz klassisch zur Wei\u00dfwurst.<\/p>\n<p>MHD: 12 Monate<br \/>\nBrennwert je 100g: 197 kcal \/ 832 kJ<\/p>\n","protected":false},"excerpt":{"rendered":"<p>Au\u00dfergew\u00f6hnlich milde S\u00fc\u00dfe kompensiert die Sch\u00e4rfe des Senfes.<\/p>\n","protected":false},"featured_media":1645,"template":"","meta":{"_acf_changed":false},"product_brand":[],"product_cat":[76],"product_tag":[],"class_list":{"0":"post-1644","1":"product","2":"type-product","3":"status-publish","4":"has-post-thumbnail","6":"product_cat-suedtiroler-spezialitaeten","8":"first","9":"instock","10":"shipping-taxable","11":"purchasable","12":"product-type-simple"},"acf":[],"_links":{"self":[{"href":"https:\/\/max-siebenfoercher.it\/de\/wp-json\/wp\/v2\/product\/1644","targetHints":{"allow":["GET"]}}],"collection":[{"href":"https:\/\/max-siebenfoercher.it\/de\/wp-json\/wp\/v2\/product"}],"about":[{"href":"https:\/\/max-siebenfoercher.it\/de\/wp-json\/wp\/v2\/types\/product"}],"wp:featuredmedia":[{"embeddable":true,"href":"https:\/\/max-siebenfoercher.it\/de\/wp-json\/wp\/v2\/media\/1645"}],"wp:attachment":[{"href":"https:\/\/max-siebenfoercher.it\/de\/wp-json\/wp\/v2\/media?parent=1644"}],"wp:term":[{"taxonomy":"product_brand","embeddable":true,"href":"https:\/\/max-siebenfoercher.it\/de\/wp-json\/wp\/v2\/product_brand?post=1644"},{"taxonomy":"product_cat","embeddable":true,"href":"https:\/\/max-siebenfoercher.it\/de\/wp-json\/wp\/v2\/product_cat?post=1644"},{"taxonomy":"product_tag","embeddable":true,"href":"https:\/\/max-siebenfoercher.it\/de\/wp-json\/wp\/v2\/product_tag?post=1644"}],"curies":[{"name":"wp","href":"https:\/\/api.w.org\/{rel}","templated":true}]}}