{"id":1651,"date":"2019-04-16T15:02:03","date_gmt":"2019-04-16T13:02:03","guid":{"rendered":"http:\/\/max-siebenfoercher.it\/prodotto\/forst-kronen-biersenf\/"},"modified":"2023-01-09T13:00:57","modified_gmt":"2023-01-09T12:00:57","slug":"forst-kronen-biersenf","status":"publish","type":"product","link":"https:\/\/max-siebenfoercher.it\/de\/shop\/suedtiroler-spezialitaeten\/forst-kronen-biersenf\/","title":{"rendered":"Forst Kronen Biersenf"},"content":{"rendered":"<p>Zutaten: <strong>SENFSAATEN, BIER<\/strong> (Wasser, <strong>GERSTENMALZ<\/strong>, Maisgritz, Hopfen), Branntweinessig, Wasser, Zucker, Meersalz, Gewu\u0308rze, Kr\u00e4uter<br \/>\nUnser Biersenf, produziert mit Forst Kronen Bier ist ein wu\u0308rziger mittelscharfer Senf. Er erg\u00e4nzt sich mit einer feinen Biernote und erlesenen Gewu\u0308rzen zu einer besonderen kulinarischen K\u00f6stlichkeit. Die ganzen Senfk\u00f6rner verleihen diesem Senf eine spezielle grobk\u00f6rnige Textur. Feinschmecker empfehlen den Senf zu Gegrilltem, K\u00e4se oder zum Zubereiten von Marinaden.<\/p>\n<p>MHD: 12 Monate | Brennwert je 100g: 285,6 kcal \/ 1192 kJ<\/p>\n","protected":false},"excerpt":{"rendered":"<p>Unser Biersenf, produziert mit Forst Kronen Bier ist ein w\u00fcrziger mittelscharfer Senf.<\/p>\n","protected":false},"featured_media":1652,"template":"","meta":{"_acf_changed":false},"product_brand":[],"product_cat":[76],"product_tag":[],"class_list":{"0":"post-1651","1":"product","2":"type-product","3":"status-publish","4":"has-post-thumbnail","6":"product_cat-suedtiroler-spezialitaeten","8":"first","9":"outofstock","10":"shipping-taxable","11":"purchasable","12":"product-type-simple"},"acf":[],"_links":{"self":[{"href":"https:\/\/max-siebenfoercher.it\/de\/wp-json\/wp\/v2\/product\/1651","targetHints":{"allow":["GET"]}}],"collection":[{"href":"https:\/\/max-siebenfoercher.it\/de\/wp-json\/wp\/v2\/product"}],"about":[{"href":"https:\/\/max-siebenfoercher.it\/de\/wp-json\/wp\/v2\/types\/product"}],"wp:featuredmedia":[{"embeddable":true,"href":"https:\/\/max-siebenfoercher.it\/de\/wp-json\/wp\/v2\/media\/1652"}],"wp:attachment":[{"href":"https:\/\/max-siebenfoercher.it\/de\/wp-json\/wp\/v2\/media?parent=1651"}],"wp:term":[{"taxonomy":"product_brand","embeddable":true,"href":"https:\/\/max-siebenfoercher.it\/de\/wp-json\/wp\/v2\/product_brand?post=1651"},{"taxonomy":"product_cat","embeddable":true,"href":"https:\/\/max-siebenfoercher.it\/de\/wp-json\/wp\/v2\/product_cat?post=1651"},{"taxonomy":"product_tag","embeddable":true,"href":"https:\/\/max-siebenfoercher.it\/de\/wp-json\/wp\/v2\/product_tag?post=1651"}],"curies":[{"name":"wp","href":"https:\/\/api.w.org\/{rel}","templated":true}]}}