{"id":2437,"date":"2020-03-19T16:51:58","date_gmt":"2020-03-19T15:51:58","guid":{"rendered":"https:\/\/max-siebenfoercher.it\/prodotto\/tirolschinken-trances\/"},"modified":"2026-01-06T15:23:04","modified_gmt":"2026-01-06T14:23:04","slug":"tirolschinken-trances","status":"publish","type":"product","link":"https:\/\/max-siebenfoercher.it\/de\/shop\/schinken\/tirolschinken-trances\/","title":{"rendered":"Tirolschinken 350gr"},"content":{"rendered":"","protected":false},"excerpt":{"rendered":"<p>Ein echter S\u00fcdtiroler Schinken der im Ofen gegart wird. Durch die Trockenp\u00f6kelung erh\u00e4lt er sein einzigartiges Aroma.<\/p>\n<p><img loading=\"lazy\" decoding=\"async\" class=\"alignnone size-full wp-image-2847\" src=\"https:\/\/max-siebenfoercher.it\/wp-content\/uploads\/2020\/03\/snowflakes4_42336.png\" alt=\"\" width=\"32\" height=\"32\" \/> <b>F\u00fcr dieses Produkt wird ein Zuschlag in der H\u00f6he von 4,90\u20ac f\u00fcr isotherme Verpackung erhoben.<\/b><\/p>\n","protected":false},"featured_media":2307,"template":"","meta":{"_acf_changed":false},"product_brand":[],"product_cat":[89,70],"product_tag":[],"class_list":{"0":"post-2437","1":"product","2":"type-product","3":"status-publish","4":"has-post-thumbnail","6":"product_cat-schinken","7":"product_cat-wurst","9":"first","10":"instock","11":"shipping-taxable","12":"purchasable","13":"product-type-simple"},"acf":[],"_links":{"self":[{"href":"https:\/\/max-siebenfoercher.it\/de\/wp-json\/wp\/v2\/product\/2437","targetHints":{"allow":["GET"]}}],"collection":[{"href":"https:\/\/max-siebenfoercher.it\/de\/wp-json\/wp\/v2\/product"}],"about":[{"href":"https:\/\/max-siebenfoercher.it\/de\/wp-json\/wp\/v2\/types\/product"}],"wp:featuredmedia":[{"embeddable":true,"href":"https:\/\/max-siebenfoercher.it\/de\/wp-json\/wp\/v2\/media\/2307"}],"wp:attachment":[{"href":"https:\/\/max-siebenfoercher.it\/de\/wp-json\/wp\/v2\/media?parent=2437"}],"wp:term":[{"taxonomy":"product_brand","embeddable":true,"href":"https:\/\/max-siebenfoercher.it\/de\/wp-json\/wp\/v2\/product_brand?post=2437"},{"taxonomy":"product_cat","embeddable":true,"href":"https:\/\/max-siebenfoercher.it\/de\/wp-json\/wp\/v2\/product_cat?post=2437"},{"taxonomy":"product_tag","embeddable":true,"href":"https:\/\/max-siebenfoercher.it\/de\/wp-json\/wp\/v2\/product_tag?post=2437"}],"curies":[{"name":"wp","href":"https:\/\/api.w.org\/{rel}","templated":true}]}}